{"id":24,"date":"2026-03-27T20:14:38","date_gmt":"2026-03-27T19:14:38","guid":{"rendered":"https:\/\/masolperu.com\/?page_id=24"},"modified":"2026-04-18T16:20:14","modified_gmt":"2026-04-18T14:20:14","slug":"proyectos","status":"publish","type":"page","link":"https:\/\/masolperu.com\/index.php\/proyectos\/","title":{"rendered":"Proyectos"},"content":{"rendered":"\t\t<div data-elementor-type=\"wp-page\" data-elementor-id=\"24\" class=\"elementor elementor-24\" data-elementor-post-type=\"page\">\n\t\t\t\t<div class=\"elementor-element elementor-element-45dd6d4 e-flex e-con-boxed e-con e-parent\" data-id=\"45dd6d4\" data-element_type=\"container\" data-e-type=\"container\" data-settings=\"{&quot;background_background&quot;:&quot;classic&quot;}\">\n\t\t\t\t\t<div class=\"e-con-inner\">\n\t\t\t\t<div class=\"elementor-element elementor-element-a100ef6 elementor-invisible elementor-widget elementor-widget-heading\" data-id=\"a100ef6\" data-element_type=\"widget\" data-e-type=\"widget\" data-settings=\"{&quot;_animation&quot;:&quot;zoomIn&quot;}\" data-widget_type=\"heading.default\">\n\t\t\t\t\t<h2 class=\"elementor-heading-title elementor-size-default\">Nuestra Trayectoria en Acci\u00f3n<\/h2>\t\t\t\t<\/div>\n\t\t\t\t<div class=\"elementor-element elementor-element-8395788 elementor-widget elementor-widget-text-editor\" data-id=\"8395788\" data-element_type=\"widget\" data-e-type=\"widget\" data-widget_type=\"text-editor.default\">\n\t\t\t\t\t\t\t\t\t<p>Desarrollamos proyectos metalmec\u00e1nicos orientados a garantizar eficiencia, seguridad y calidad en cada intervenci\u00f3n<\/p>\t\t\t\t\t\t\t\t<\/div>\n\t\t\t\t\t<\/div>\n\t\t\t\t<\/div>\n\t\t<div class=\"elementor-element elementor-element-5f4b94a e-flex e-con-boxed e-con e-parent\" data-id=\"5f4b94a\" data-element_type=\"container\" data-e-type=\"container\">\n\t\t\t\t\t<div class=\"e-con-inner\">\n\t\t\t\t<div class=\"elementor-element elementor-element-85e45ab elementor-invisible elementor-widget elementor-widget-heading\" data-id=\"85e45ab\" data-element_type=\"widget\" data-e-type=\"widget\" data-settings=\"{&quot;_animation&quot;:&quot;zoomIn&quot;}\" data-widget_type=\"heading.default\">\n\t\t\t\t\t<h2 class=\"elementor-heading-title elementor-size-default\">Proyectos Realizados<\/h2>\t\t\t\t<\/div>\n\t\t\t\t<div class=\"elementor-element elementor-element-04695b6 elementor-widget-divider--view-line elementor-invisible elementor-widget elementor-widget-divider\" data-id=\"04695b6\" data-element_type=\"widget\" data-e-type=\"widget\" data-settings=\"{&quot;_animation&quot;:&quot;zoomIn&quot;}\" data-widget_type=\"divider.default\">\n\t\t\t\t\t\t\t<div class=\"elementor-divider\">\n\t\t\t<span class=\"elementor-divider-separator\">\n\t\t\t\t\t\t<\/span>\n\t\t<\/div>\n\t\t\t\t\t\t<\/div>\n\t\t\t\t<div class=\"elementor-element elementor-element-c51056f premium-blog-align-left elementor-widget elementor-widget-premium-addon-blog\" data-id=\"c51056f\" data-element_type=\"widget\" data-e-type=\"widget\" data-settings=\"{&quot;premium_blog_grid&quot;:&quot;yes&quot;,&quot;premium_blog_layout&quot;:&quot;even&quot;,&quot;premium_blog_columns_number&quot;:&quot;50%&quot;,&quot;premium_blog_columns_number_tablet&quot;:&quot;50%&quot;,&quot;premium_blog_columns_number_mobile&quot;:&quot;100%&quot;}\" data-widget_type=\"premium-addon-blog.default\">\n\t\t\t\t\t\n\t\t\n\n\t\t\t\t<div class=\"premium-blog-wrap  premium-blog-even\" data-page=\"24\">\n\t\t\t\t\t\t\t\t\t<div class=\"premium-blog-post-outer-container\" data-total=\"1\">\n\t\t\t<div class=\"premium-blog-post-container premium-blog-skin-classic\">\n\t\t\t\t\t\t\t\t\t<div class=\"premium-blog-thumb-effect-wrapper\">\n\t\t\t\t\t\t<div class=\"premium-blog-thumbnail-container premium-blog-zoomin-effect\">\n\t\t\t\t\t\t\t<img fetchpriority=\"high\" decoding=\"async\" width=\"1599\" height=\"899\" src=\"https:\/\/masolperu.com\/wp-content\/uploads\/2026\/04\/WhatsApp-Image-2026-04-01-at-4.35.05-PM.webp\" class=\"attachment-full size-full wp-image-1219\" alt=\"\" srcset=\"https:\/\/masolperu.com\/wp-content\/uploads\/2026\/04\/WhatsApp-Image-2026-04-01-at-4.35.05-PM.webp 1599w, https:\/\/masolperu.com\/wp-content\/uploads\/2026\/04\/WhatsApp-Image-2026-04-01-at-4.35.05-PM-300x169.webp 300w, https:\/\/masolperu.com\/wp-content\/uploads\/2026\/04\/WhatsApp-Image-2026-04-01-at-4.35.05-PM-1024x576.webp 1024w, https:\/\/masolperu.com\/wp-content\/uploads\/2026\/04\/WhatsApp-Image-2026-04-01-at-4.35.05-PM-768x432.webp 768w, https:\/\/masolperu.com\/wp-content\/uploads\/2026\/04\/WhatsApp-Image-2026-04-01-at-4.35.05-PM-1536x864.webp 1536w\" sizes=\"(max-width: 1599px) 100vw, 1599px\" \/>\t\t\t\t\t\t<\/div>\n\t\t\t\t\t\t\t\t\t\t\t\t\t<div class=\"premium-blog-thumbnail-overlay\">\n\t\t\t\t\t\t\t\t<a class=\"elementor-icon\" href=\"https:\/\/masolperu.com\/index.php\/2026\/04\/17\/mantenimiento-anticorrosivo-integral-en-sistemas-de-tuberias-de-combustible-y-red-contra-incendio\/\" target=\"_blank\"><\/a>\n\t\t\t\t\t\t\t<\/div>\n\n\t\t\t\t\t\t\t\t\t\t\t\t\t\t\t\t\t\t<\/div>\n\t\t\t\t\t\t\t\t\t\t\t\t<div class=\"premium-blog-content-wrapper \">\n\n\t\t\t\t\t<div class=\"premium-blog-inner-container\">\n\n\t\t\t\t\t\t\t\t\t\t\t\t\t\t<h2 class=\"premium-blog-entry-title\">\n\t\t\t<a href=\"https:\/\/masolperu.com\/index.php\/2026\/04\/17\/mantenimiento-anticorrosivo-integral-en-sistemas-de-tuberias-de-combustible-y-red-contra-incendio\/\" target=\"_blank\">\n\t\t\t\tMantenimiento Anticorrosivo Integral en Sistemas de Tuber\u00edas de Combustible y Red Contra Incendio\t\t\t<\/a>\n\t\t<\/h2>\n\t\t\t\t<div class=\"premium-blog-entry-meta\">\n\t\t\t\n\t\t\t\t\t\t\t<span class=\"premium-blog-meta-separator\">\u2022<\/span>\n\t\t\t\t<div class=\"premium-blog-post-time premium-blog-meta-data\">\n\t\t\t\t\t<i class=\"fa fa-calendar-alt\" aria-hidden=\"true\"><\/i>\n\t\t\t\t\t<span>17 de abril de 2026<\/span>\n\t\t\t\t<\/div>\n\t\t\t\n\t\t\t\t\t\t\t<span class=\"premium-blog-meta-separator\">\u2022<\/span>\n\t\t\t\t<div class=\"premium-blog-post-categories premium-blog-meta-data\">\n\t\t\t\t\t<i class=\"fa fa-align-left fa-fw\" aria-hidden=\"true\"><\/i>\n\t\t\t\t\t<a href=\"https:\/\/masolperu.com\/index.php\/category\/proyectos\/\" rel=\"category tag\">Proyectos<\/a>\t\t\t\t<\/div>\n\t\t\t\n\t\t\t\t\t<\/div>\n\t\t\n\t\t\t\t\t<\/div>\n\n\t\t\t\t\t\t\t\t\t\t\n\t\t\t\t<\/div>\n\t\t\t<\/div>\n\t\t<\/div>\n\n\t\t\t\t<div class=\"premium-blog-post-outer-container\" data-total=\"1\">\n\t\t\t<div class=\"premium-blog-post-container premium-blog-skin-classic\">\n\t\t\t\t\t\t\t\t\t<div class=\"premium-blog-thumb-effect-wrapper\">\n\t\t\t\t\t\t<div class=\"premium-blog-thumbnail-container premium-blog-zoomin-effect\">\n\t\t\t\t\t\t\t<img decoding=\"async\" width=\"1599\" height=\"899\" src=\"https:\/\/masolperu.com\/wp-content\/uploads\/2026\/04\/WhatsApp-Image-2026-04-01-at-4.14.28-PM-2.webp\" class=\"attachment-full size-full wp-image-1175\" alt=\"\" srcset=\"https:\/\/masolperu.com\/wp-content\/uploads\/2026\/04\/WhatsApp-Image-2026-04-01-at-4.14.28-PM-2.webp 1599w, https:\/\/masolperu.com\/wp-content\/uploads\/2026\/04\/WhatsApp-Image-2026-04-01-at-4.14.28-PM-2-300x169.webp 300w, https:\/\/masolperu.com\/wp-content\/uploads\/2026\/04\/WhatsApp-Image-2026-04-01-at-4.14.28-PM-2-1024x576.webp 1024w, https:\/\/masolperu.com\/wp-content\/uploads\/2026\/04\/WhatsApp-Image-2026-04-01-at-4.14.28-PM-2-768x432.webp 768w, https:\/\/masolperu.com\/wp-content\/uploads\/2026\/04\/WhatsApp-Image-2026-04-01-at-4.14.28-PM-2-1536x864.webp 1536w\" sizes=\"(max-width: 1599px) 100vw, 1599px\" \/>\t\t\t\t\t\t<\/div>\n\t\t\t\t\t\t\t\t\t\t\t\t\t<div class=\"premium-blog-thumbnail-overlay\">\n\t\t\t\t\t\t\t\t<a class=\"elementor-icon\" href=\"https:\/\/masolperu.com\/index.php\/2026\/04\/17\/gestion-integral-de-mantenimiento-en-sistemas-criticos-de-filtracion-para-abastecimiento-de-combustibles\/\" target=\"_blank\"><\/a>\n\t\t\t\t\t\t\t<\/div>\n\n\t\t\t\t\t\t\t\t\t\t\t\t\t\t\t\t\t\t<\/div>\n\t\t\t\t\t\t\t\t\t\t\t\t<div class=\"premium-blog-content-wrapper \">\n\n\t\t\t\t\t<div class=\"premium-blog-inner-container\">\n\n\t\t\t\t\t\t\t\t\t\t\t\t\t\t<h2 class=\"premium-blog-entry-title\">\n\t\t\t<a href=\"https:\/\/masolperu.com\/index.php\/2026\/04\/17\/gestion-integral-de-mantenimiento-en-sistemas-criticos-de-filtracion-para-abastecimiento-de-combustibles\/\" target=\"_blank\">\n\t\t\t\tGesti\u00f3n Integral de Mantenimiento en Sistemas Cr\u00edticos de Filtraci\u00f3n para Abastecimiento de Combustibles\t\t\t<\/a>\n\t\t<\/h2>\n\t\t\t\t<div class=\"premium-blog-entry-meta\">\n\t\t\t\n\t\t\t\t\t\t\t<span class=\"premium-blog-meta-separator\">\u2022<\/span>\n\t\t\t\t<div class=\"premium-blog-post-time premium-blog-meta-data\">\n\t\t\t\t\t<i class=\"fa fa-calendar-alt\" aria-hidden=\"true\"><\/i>\n\t\t\t\t\t<span>17 de abril de 2026<\/span>\n\t\t\t\t<\/div>\n\t\t\t\n\t\t\t\t\t\t\t<span class=\"premium-blog-meta-separator\">\u2022<\/span>\n\t\t\t\t<div class=\"premium-blog-post-categories premium-blog-meta-data\">\n\t\t\t\t\t<i class=\"fa fa-align-left fa-fw\" aria-hidden=\"true\"><\/i>\n\t\t\t\t\t<a href=\"https:\/\/masolperu.com\/index.php\/category\/proyectos\/\" rel=\"category tag\">Proyectos<\/a>\t\t\t\t<\/div>\n\t\t\t\n\t\t\t\t\t<\/div>\n\t\t\n\t\t\t\t\t<\/div>\n\n\t\t\t\t\t\t\t\t\t\t\n\t\t\t\t<\/div>\n\t\t\t<\/div>\n\t\t<\/div>\n\n\t\t\t\t<div class=\"premium-blog-post-outer-container\" data-total=\"1\">\n\t\t\t<div class=\"premium-blog-post-container premium-blog-skin-classic\">\n\t\t\t\t\t\t\t\t\t<div class=\"premium-blog-thumb-effect-wrapper\">\n\t\t\t\t\t\t<div class=\"premium-blog-thumbnail-container premium-blog-zoomin-effect\">\n\t\t\t\t\t\t\t<img decoding=\"async\" width=\"1599\" height=\"899\" src=\"https:\/\/masolperu.com\/wp-content\/uploads\/2026\/04\/WhatsApp-Image-2026-04-01-at-3.24.24-PM.webp\" class=\"attachment-full size-full wp-image-1119\" alt=\"\" srcset=\"https:\/\/masolperu.com\/wp-content\/uploads\/2026\/04\/WhatsApp-Image-2026-04-01-at-3.24.24-PM.webp 1599w, https:\/\/masolperu.com\/wp-content\/uploads\/2026\/04\/WhatsApp-Image-2026-04-01-at-3.24.24-PM-300x169.webp 300w, https:\/\/masolperu.com\/wp-content\/uploads\/2026\/04\/WhatsApp-Image-2026-04-01-at-3.24.24-PM-1024x576.webp 1024w, https:\/\/masolperu.com\/wp-content\/uploads\/2026\/04\/WhatsApp-Image-2026-04-01-at-3.24.24-PM-768x432.webp 768w, https:\/\/masolperu.com\/wp-content\/uploads\/2026\/04\/WhatsApp-Image-2026-04-01-at-3.24.24-PM-1536x864.webp 1536w\" sizes=\"(max-width: 1599px) 100vw, 1599px\" \/>\t\t\t\t\t\t<\/div>\n\t\t\t\t\t\t\t\t\t\t\t\t\t<div class=\"premium-blog-thumbnail-overlay\">\n\t\t\t\t\t\t\t\t<a class=\"elementor-icon\" href=\"https:\/\/masolperu.com\/index.php\/2026\/04\/17\/mantenimiento-anticorrosivo-integral-de-tanques-recuperadores-y-vasijas-de-acero-inoxidable\/\" target=\"_blank\"><\/a>\n\t\t\t\t\t\t\t<\/div>\n\n\t\t\t\t\t\t\t\t\t\t\t\t\t\t\t\t\t\t<\/div>\n\t\t\t\t\t\t\t\t\t\t\t\t<div class=\"premium-blog-content-wrapper \">\n\n\t\t\t\t\t<div class=\"premium-blog-inner-container\">\n\n\t\t\t\t\t\t\t\t\t\t\t\t\t\t<h2 class=\"premium-blog-entry-title\">\n\t\t\t<a href=\"https:\/\/masolperu.com\/index.php\/2026\/04\/17\/mantenimiento-anticorrosivo-integral-de-tanques-recuperadores-y-vasijas-de-acero-inoxidable\/\" target=\"_blank\">\n\t\t\t\tMantenimiento Anticorrosivo Integral de Tanques Recuperadores y Vasijas de Acero Inoxidable\t\t\t<\/a>\n\t\t<\/h2>\n\t\t\t\t<div class=\"premium-blog-entry-meta\">\n\t\t\t\n\t\t\t\t\t\t\t<span class=\"premium-blog-meta-separator\">\u2022<\/span>\n\t\t\t\t<div class=\"premium-blog-post-time premium-blog-meta-data\">\n\t\t\t\t\t<i class=\"fa fa-calendar-alt\" aria-hidden=\"true\"><\/i>\n\t\t\t\t\t<span>17 de abril de 2026<\/span>\n\t\t\t\t<\/div>\n\t\t\t\n\t\t\t\t\t\t\t<span class=\"premium-blog-meta-separator\">\u2022<\/span>\n\t\t\t\t<div class=\"premium-blog-post-categories premium-blog-meta-data\">\n\t\t\t\t\t<i class=\"fa fa-align-left fa-fw\" aria-hidden=\"true\"><\/i>\n\t\t\t\t\t<a href=\"https:\/\/masolperu.com\/index.php\/category\/proyectos\/\" rel=\"category tag\">Proyectos<\/a>\t\t\t\t<\/div>\n\t\t\t\n\t\t\t\t\t<\/div>\n\t\t\n\t\t\t\t\t<\/div>\n\n\t\t\t\t\t\t\t\t\t\t\n\t\t\t\t<\/div>\n\t\t\t<\/div>\n\t\t<\/div>\n\n\t\t\t\t\t\t\t<\/div>\n\n\t\t\n\t\t\n\t\t\t\t\t\t<\/div>\n\t\t\t\t\t<\/div>\n\t\t\t\t<\/div>\n\t\t\t\t<\/div>\n\t\t","protected":false},"excerpt":{"rendered":"<p>Nuestra Trayectoria en Acci\u00f3n Desarrollamos proyectos metalmec\u00e1nicos orientados a garantizar eficiencia, seguridad y calidad en cada intervenci\u00f3n Proyectos Realizados Mantenimiento Anticorrosivo Integral en Sistemas de Tuber\u00edas de Combustible y Red Contra Incendio \u2022 17 de abril de 2026 \u2022 Proyectos Gesti\u00f3n Integral de Mantenimiento en Sistemas Cr\u00edticos de Filtraci\u00f3n para Abastecimiento de Combustibles \u2022 17 [&hellip;]<\/p>\n","protected":false},"author":1,"featured_media":0,"parent":0,"menu_order":0,"comment_status":"closed","ping_status":"closed","template":"","meta":{"footnotes":""},"class_list":["post-24","page","type-page","status-publish","hentry"],"_links":{"self":[{"href":"https:\/\/masolperu.com\/index.php\/wp-json\/wp\/v2\/pages\/24","targetHints":{"allow":["GET"]}}],"collection":[{"href":"https:\/\/masolperu.com\/index.php\/wp-json\/wp\/v2\/pages"}],"about":[{"href":"https:\/\/masolperu.com\/index.php\/wp-json\/wp\/v2\/types\/page"}],"author":[{"embeddable":true,"href":"https:\/\/masolperu.com\/index.php\/wp-json\/wp\/v2\/users\/1"}],"replies":[{"embeddable":true,"href":"https:\/\/masolperu.com\/index.php\/wp-json\/wp\/v2\/comments?post=24"}],"version-history":[{"count":91,"href":"https:\/\/masolperu.com\/index.php\/wp-json\/wp\/v2\/pages\/24\/revisions"}],"predecessor-version":[{"id":2501,"href":"https:\/\/masolperu.com\/index.php\/wp-json\/wp\/v2\/pages\/24\/revisions\/2501"}],"wp:attachment":[{"href":"https:\/\/masolperu.com\/index.php\/wp-json\/wp\/v2\/media?parent=24"}],"curies":[{"name":"wp","href":"https:\/\/api.w.org\/{rel}","templated":true}]}}