{"id":1717,"date":"2026-04-08T00:23:08","date_gmt":"2026-04-07T22:23:08","guid":{"rendered":"https:\/\/masolperu.com\/?page_id=1717"},"modified":"2026-04-09T15:58:09","modified_gmt":"2026-04-09T13:58:09","slug":"mantenimiento-general","status":"publish","type":"page","link":"https:\/\/masolperu.com\/index.php\/mantenimiento-general\/","title":{"rendered":"Mantenimiento General\u200b"},"content":{"rendered":"\t\t<div data-elementor-type=\"wp-page\" data-elementor-id=\"1717\" class=\"elementor elementor-1717\" data-elementor-post-type=\"page\">\n\t\t\t\t<div class=\"elementor-element elementor-element-cb40601 e-con-full e-flex e-con e-parent\" data-id=\"cb40601\" data-element_type=\"container\" data-e-type=\"container\">\n\t\t<div class=\"elementor-element elementor-element-bdadc0f e-con-full animated-slow e-flex elementor-invisible e-con e-child\" data-id=\"bdadc0f\" data-element_type=\"container\" data-e-type=\"container\" data-settings=\"{&quot;background_background&quot;:&quot;classic&quot;,&quot;animation&quot;:&quot;fadeIn&quot;}\">\n\t\t\t\t<div class=\"elementor-element elementor-element-f6c9445 elementor-invisible elementor-widget elementor-widget-heading\" data-id=\"f6c9445\" data-element_type=\"widget\" data-e-type=\"widget\" data-settings=\"{&quot;_animation&quot;:&quot;zoomIn&quot;}\" data-widget_type=\"heading.default\">\n\t\t\t\t\t<h2 class=\"elementor-heading-title elementor-size-default\">Mantenimiento General<\/h2>\t\t\t\t<\/div>\n\t\t\t\t<\/div>\n\t\t<div class=\"elementor-element elementor-element-2c831c1 e-flex e-con-boxed e-con e-child\" data-id=\"2c831c1\" data-element_type=\"container\" data-e-type=\"container\">\n\t\t\t\t\t<div class=\"e-con-inner\">\n\t\t<div class=\"elementor-element elementor-element-ac7650f e-con-full e-flex elementor-invisible e-con e-child\" data-id=\"ac7650f\" data-element_type=\"container\" data-e-type=\"container\" data-settings=\"{&quot;background_background&quot;:&quot;classic&quot;,&quot;animation&quot;:&quot;zoomIn&quot;}\">\n\t\t\t\t<\/div>\n\t\t<div class=\"elementor-element elementor-element-402fb99 e-con-full e-flex e-con e-child\" data-id=\"402fb99\" data-element_type=\"container\" data-e-type=\"container\">\n\t\t<div class=\"elementor-element elementor-element-5114828 e-con-full tarjetita e-flex elementor-invisible e-con e-child\" data-id=\"5114828\" data-element_type=\"container\" data-e-type=\"container\" data-settings=\"{&quot;animation&quot;:&quot;zoomIn&quot;}\">\n\t\t\t\t<div class=\"elementor-element elementor-element-1dfc059 elementor-widget elementor-widget-heading\" data-id=\"1dfc059\" data-element_type=\"widget\" data-e-type=\"widget\" data-widget_type=\"heading.default\">\n\t\t\t\t\t<h2 class=\"elementor-heading-title elementor-size-default\">Nuestra Propuesta de Valor<\/h2>\t\t\t\t<\/div>\n\t\t\t\t<div class=\"elementor-element elementor-element-49871b0 elementor-widget elementor-widget-text-editor\" data-id=\"49871b0\" data-element_type=\"widget\" data-e-type=\"widget\" data-widget_type=\"text-editor.default\">\n\t\t\t\t\t\t\t\t\t<p><span data-path-to-node=\"7,1\"><span class=\"citation-100\">En MASOL, transformamos los desaf\u00edos de mantenimiento en ventajas competitivas<\/span><\/span><span data-path-to-node=\"7,3\">. <\/span><span data-path-to-node=\"7,5\"><span class=\"citation-99\">Nuestra divisi\u00f3n de mantenimiento combina precisi\u00f3n t\u00e9cnica con una gesti\u00f3n rigurosa en <\/span><b data-path-to-node=\"7,5\" data-index-in-node=\"88\"><span class=\"citation-99\">SSOMA<\/span><\/b><span class=\"citation-99\">, asegurando que cada intervenci\u00f3n minimice el impacto ambiental y maximice la seguridad operativa<\/span><\/span><span data-path-to-node=\"7,7\">.<\/span><\/p>\t\t\t\t\t\t\t\t<\/div>\n\t\t\t\t<div class=\"elementor-element elementor-element-5250c84 elementor-mobile-align-center elementor-widget elementor-widget-button\" data-id=\"5250c84\" data-element_type=\"widget\" data-e-type=\"widget\" data-widget_type=\"button.default\">\n\t\t\t\t\t\t\t\t\t\t<a class=\"elementor-button elementor-button-link elementor-size-sm\" href=\"https:\/\/masolperu.com\/wp-content\/uploads\/2026\/04\/Brochure-de-mantenimiento-general.pdf\">\n\t\t\t\t\t\t<span class=\"elementor-button-content-wrapper\">\n\t\t\t\t\t\t<span class=\"elementor-button-icon\">\n\t\t\t\t<svg aria-hidden=\"true\" class=\"e-font-icon-svg e-fas-download\" viewBox=\"0 0 512 512\" xmlns=\"http:\/\/www.w3.org\/2000\/svg\"><path d=\"M216 0h80c13.3 0 24 10.7 24 24v168h87.7c17.8 0 26.7 21.5 14.1 34.1L269.7 378.3c-7.5 7.5-19.8 7.5-27.3 0L90.1 226.1c-12.6-12.6-3.7-34.1 14.1-34.1H192V24c0-13.3 10.7-24 24-24zm296 376v112c0 13.3-10.7 24-24 24H24c-13.3 0-24-10.7-24-24V376c0-13.3 10.7-24 24-24h146.7l49 49c20.1 20.1 52.5 20.1 72.6 0l49-49H488c13.3 0 24 10.7 24 24zm-124 88c0-11-9-20-20-20s-20 9-20 20 9 20 20 20 20-9 20-20zm64 0c0-11-9-20-20-20s-20 9-20 20 9 20 20 20 20-9 20-20z\"><\/path><\/svg>\t\t\t<\/span>\n\t\t\t\t\t\t\t\t\t<span class=\"elementor-button-text\">Descargar Brochure<\/span>\n\t\t\t\t\t<\/span>\n\t\t\t\t\t<\/a>\n\t\t\t\t\t\t\t\t<\/div>\n\t\t\t\t<\/div>\n\t\t\t\t<\/div>\n\t\t\t\t\t<\/div>\n\t\t\t\t<\/div>\n\t\t<div class=\"elementor-element elementor-element-b5d68fe e-flex e-con-boxed e-con e-child\" data-id=\"b5d68fe\" data-element_type=\"container\" data-e-type=\"container\">\n\t\t\t\t\t<div class=\"e-con-inner\">\n\t\t\t\t<div class=\"elementor-element elementor-element-67ca3e0 elementor-invisible elementor-widget elementor-widget-heading\" data-id=\"67ca3e0\" data-element_type=\"widget\" data-e-type=\"widget\" data-settings=\"{&quot;_animation&quot;:&quot;zoomIn&quot;}\" data-widget_type=\"heading.default\">\n\t\t\t\t\t<h2 class=\"elementor-heading-title elementor-size-default\">Servicios Especializados<\/h2>\t\t\t\t<\/div>\n\t\t\t\t<div class=\"elementor-element elementor-element-9588bf5 elementor-widget-divider--view-line elementor-widget elementor-widget-divider\" data-id=\"9588bf5\" data-element_type=\"widget\" data-e-type=\"widget\" data-widget_type=\"divider.default\">\n\t\t\t\t\t\t\t<div class=\"elementor-divider\">\n\t\t\t<span class=\"elementor-divider-separator\">\n\t\t\t\t\t\t<\/span>\n\t\t<\/div>\n\t\t\t\t\t\t<\/div>\n\t\t<div class=\"elementor-element elementor-element-c02f33c e-con-full e-flex e-con e-child\" data-id=\"c02f33c\" data-element_type=\"container\" data-e-type=\"container\">\n\t\t<div class=\"elementor-element elementor-element-a7cfa97 e-con-full e-flex e-con e-child\" data-id=\"a7cfa97\" data-element_type=\"container\" data-e-type=\"container\">\n\t\t<div class=\"elementor-element elementor-element-b8c74e0 e-con-full tarjetita e-flex elementor-invisible e-con e-child\" data-id=\"b8c74e0\" data-element_type=\"container\" data-e-type=\"container\" data-settings=\"{&quot;animation&quot;:&quot;fadeInRight&quot;}\">\n\t\t<div class=\"elementor-element elementor-element-f125778 e-con-full e-flex e-con e-child\" data-id=\"f125778\" data-element_type=\"container\" data-e-type=\"container\" data-settings=\"{&quot;background_background&quot;:&quot;classic&quot;}\">\n\t\t\t\t<\/div>\n\t\t<div class=\"elementor-element elementor-element-683693b e-con-full e-flex e-con e-child\" data-id=\"683693b\" data-element_type=\"container\" data-e-type=\"container\">\n\t\t\t\t<div class=\"elementor-element elementor-element-5fd106d elementor-widget elementor-widget-heading\" data-id=\"5fd106d\" data-element_type=\"widget\" data-e-type=\"widget\" data-widget_type=\"heading.default\">\n\t\t\t\t\t<h2 class=\"elementor-heading-title elementor-size-default\">Hidrolavado y Limpieza Industrial<\/h2>\t\t\t\t<\/div>\n\t\t\t\t<div class=\"elementor-element elementor-element-fb1de63 elementor-widget elementor-widget-text-editor\" data-id=\"fb1de63\" data-element_type=\"widget\" data-e-type=\"widget\" data-widget_type=\"text-editor.default\">\n\t\t\t\t\t\t\t\t\t<p><span data-path-to-node=\"10,0,1,0\"><span class=\"citation-98\">Eliminaci\u00f3n de residuos y contaminantes mediante sistemas de alta presi\u00f3n para preparar superficies y optimizar equipos<\/span><\/span><span data-path-to-node=\"10,0,1,2\">.<\/span><\/p>\t\t\t\t\t\t\t\t<\/div>\n\t\t\t\t<\/div>\n\t\t\t\t<\/div>\n\t\t<div class=\"elementor-element elementor-element-855f29d e-con-full tarjetita e-flex elementor-invisible e-con e-child\" data-id=\"855f29d\" data-element_type=\"container\" data-e-type=\"container\" data-settings=\"{&quot;animation&quot;:&quot;fadeInLeft&quot;}\">\n\t\t<div class=\"elementor-element elementor-element-5fd0706 e-con-full e-flex e-con e-child\" data-id=\"5fd0706\" data-element_type=\"container\" data-e-type=\"container\" data-settings=\"{&quot;background_background&quot;:&quot;classic&quot;}\">\n\t\t\t\t<\/div>\n\t\t<div class=\"elementor-element elementor-element-521a571 e-con-full e-flex e-con e-child\" data-id=\"521a571\" data-element_type=\"container\" data-e-type=\"container\">\n\t\t\t\t<div class=\"elementor-element elementor-element-28c3bd2 elementor-widget elementor-widget-heading\" data-id=\"28c3bd2\" data-element_type=\"widget\" data-e-type=\"widget\" data-widget_type=\"heading.default\">\n\t\t\t\t\t<h2 class=\"elementor-heading-title elementor-size-default\">Limpieza Mec\u00e1nica de Tuber\u00edas<\/h2>\t\t\t\t<\/div>\n\t\t\t\t<div class=\"elementor-element elementor-element-32f6d2c elementor-widget elementor-widget-text-editor\" data-id=\"32f6d2c\" data-element_type=\"widget\" data-e-type=\"widget\" data-widget_type=\"text-editor.default\">\n\t\t\t\t\t\t\t\t\t<p>Especialistas en sistemas de productos, redes contra incendio (SCI), agua y aire, asegurando un flujo \u00f3ptimo y libre de obstrucciones.<\/p>\t\t\t\t\t\t\t\t<\/div>\n\t\t\t\t<\/div>\n\t\t\t\t<\/div>\n\t\t\t\t<\/div>\n\t\t<div class=\"elementor-element elementor-element-31f53eb e-con-full e-flex e-con e-child\" data-id=\"31f53eb\" data-element_type=\"container\" data-e-type=\"container\">\n\t\t<div class=\"elementor-element elementor-element-73224d2 e-con-full tarjetita e-flex elementor-invisible e-con e-child\" data-id=\"73224d2\" data-element_type=\"container\" data-e-type=\"container\" data-settings=\"{&quot;animation&quot;:&quot;zoomIn&quot;}\">\n\t\t<div class=\"elementor-element elementor-element-2908d64 e-con-full e-flex e-con e-child\" data-id=\"2908d64\" data-element_type=\"container\" data-e-type=\"container\" data-settings=\"{&quot;background_background&quot;:&quot;classic&quot;}\">\n\t\t\t\t<\/div>\n\t\t<div class=\"elementor-element elementor-element-7480267 e-con-full e-flex e-con e-child\" data-id=\"7480267\" data-element_type=\"container\" data-e-type=\"container\">\n\t\t\t\t<div class=\"elementor-element elementor-element-fed0717 elementor-widget elementor-widget-heading\" data-id=\"fed0717\" data-element_type=\"widget\" data-e-type=\"widget\" data-widget_type=\"heading.default\">\n\t\t\t\t\t<h2 class=\"elementor-heading-title elementor-size-default\">Mantenimiento y Limpieza de Planta<\/h2>\t\t\t\t<\/div>\n\t\t\t\t<div class=\"elementor-element elementor-element-82cf640 elementor-widget elementor-widget-text-editor\" data-id=\"82cf640\" data-element_type=\"widget\" data-e-type=\"widget\" data-widget_type=\"text-editor.default\">\n\t\t\t\t\t\t\t\t\t<p>Servicios de saneamiento t\u00e9cnico industrial para mantener los entornos de trabajo bajo est\u00e1ndares de calidad y orden.<\/p>\t\t\t\t\t\t\t\t<\/div>\n\t\t\t\t<\/div>\n\t\t\t\t<\/div>\n\t\t<div class=\"elementor-element elementor-element-d9acb8b e-con-full tarjetita e-flex elementor-invisible e-con e-child\" data-id=\"d9acb8b\" data-element_type=\"container\" data-e-type=\"container\" data-settings=\"{&quot;animation&quot;:&quot;zoomIn&quot;}\">\n\t\t<div class=\"elementor-element elementor-element-f5b68a4 e-con-full e-flex e-con e-child\" data-id=\"f5b68a4\" data-element_type=\"container\" data-e-type=\"container\" data-settings=\"{&quot;background_background&quot;:&quot;classic&quot;}\">\n\t\t\t\t<\/div>\n\t\t<div class=\"elementor-element elementor-element-d6a4388 e-con-full e-flex e-con e-child\" data-id=\"d6a4388\" data-element_type=\"container\" data-e-type=\"container\">\n\t\t\t\t<div class=\"elementor-element elementor-element-6754d71 elementor-widget elementor-widget-heading\" data-id=\"6754d71\" data-element_type=\"widget\" data-e-type=\"widget\" data-widget_type=\"heading.default\">\n\t\t\t\t\t<h2 class=\"elementor-heading-title elementor-size-default\">Apoyo en Trabajos Operativos<\/h2>\t\t\t\t<\/div>\n\t\t\t\t<div class=\"elementor-element elementor-element-836d819 elementor-widget elementor-widget-text-editor\" data-id=\"836d819\" data-element_type=\"widget\" data-e-type=\"widget\" data-widget_type=\"text-editor.default\">\n\t\t\t\t\t\t\t\t\t<p><span data-path-to-node=\"10,3,1,0\"><span class=\"citation-97\">Personal t\u00e9cnico calificado listo para integrarse a sus procesos y facilitar las operaciones diarias en planta<\/span><\/span><span data-path-to-node=\"10,3,1,2\">.<\/span><\/p>\t\t\t\t\t\t\t\t<\/div>\n\t\t\t\t<\/div>\n\t\t\t\t<\/div>\n\t\t\t\t<\/div>\n\t\t<div class=\"elementor-element elementor-element-df7f8e8 e-con-full e-flex e-con e-child\" data-id=\"df7f8e8\" data-element_type=\"container\" data-e-type=\"container\">\n\t\t<div class=\"elementor-element elementor-element-c3a7680 e-con-full tarjetita e-flex elementor-invisible e-con e-child\" data-id=\"c3a7680\" data-element_type=\"container\" data-e-type=\"container\" data-settings=\"{&quot;animation&quot;:&quot;fadeInRight&quot;}\">\n\t\t<div class=\"elementor-element elementor-element-2aff157 e-con-full e-flex e-con e-child\" data-id=\"2aff157\" data-element_type=\"container\" data-e-type=\"container\" data-settings=\"{&quot;background_background&quot;:&quot;classic&quot;}\">\n\t\t\t\t<\/div>\n\t\t<div class=\"elementor-element elementor-element-47d9c64 e-con-full e-flex e-con e-child\" data-id=\"47d9c64\" data-element_type=\"container\" data-e-type=\"container\">\n\t\t\t\t<div class=\"elementor-element elementor-element-bac9f52 elementor-widget elementor-widget-heading\" data-id=\"bac9f52\" data-element_type=\"widget\" data-e-type=\"widget\" data-widget_type=\"heading.default\">\n\t\t\t\t\t<h2 class=\"elementor-heading-title elementor-size-default\">Reparaci\u00f3n Mec\u00e1nica de Estructuras<\/h2>\t\t\t\t<\/div>\n\t\t\t\t<div class=\"elementor-element elementor-element-21c8699 elementor-widget elementor-widget-text-editor\" data-id=\"21c8699\" data-element_type=\"widget\" data-e-type=\"widget\" data-widget_type=\"text-editor.default\">\n\t\t\t\t\t\t\t\t\t<p><span data-path-to-node=\"10,4,1,0\"><span class=\"citation-96\">Intervenci\u00f3n y mejora de componentes met\u00e1licos, tanques y soportes mediante procesos de ingenier\u00eda especializados<\/span><\/span><span data-path-to-node=\"10,4,1,2\">.<\/span><\/p>\t\t\t\t\t\t\t\t<\/div>\n\t\t\t\t<\/div>\n\t\t\t\t<\/div>\n\t\t<div class=\"elementor-element elementor-element-5f80020 e-con-full tarjetita e-flex elementor-invisible e-con e-child\" data-id=\"5f80020\" data-element_type=\"container\" data-e-type=\"container\" data-settings=\"{&quot;animation&quot;:&quot;fadeInLeft&quot;}\">\n\t\t<div class=\"elementor-element elementor-element-26513db e-con-full e-flex e-con e-child\" data-id=\"26513db\" data-element_type=\"container\" data-e-type=\"container\" data-settings=\"{&quot;background_background&quot;:&quot;classic&quot;}\">\n\t\t\t\t<\/div>\n\t\t<div class=\"elementor-element elementor-element-68d7e14 e-con-full e-flex e-con e-child\" data-id=\"68d7e14\" data-element_type=\"container\" data-e-type=\"container\">\n\t\t\t\t<div class=\"elementor-element elementor-element-a09f7ec elementor-widget elementor-widget-heading\" data-id=\"a09f7ec\" data-element_type=\"widget\" data-e-type=\"widget\" data-widget_type=\"heading.default\">\n\t\t\t\t\t<h2 class=\"elementor-heading-title elementor-size-default\">Servicios de Alba\u00f1iler\u00eda<\/h2>\t\t\t\t<\/div>\n\t\t\t\t<div class=\"elementor-element elementor-element-cdc48f5 elementor-widget elementor-widget-text-editor\" data-id=\"cdc48f5\" data-element_type=\"widget\" data-e-type=\"widget\" data-widget_type=\"text-editor.default\">\n\t\t\t\t\t\t\t\t\t<p>Mantenimiento civil complementario para infraestructuras industriales, reparaciones de pisos, bases y muros.<\/p>\t\t\t\t\t\t\t\t<\/div>\n\t\t\t\t<\/div>\n\t\t\t\t<\/div>\n\t\t\t\t<\/div>\n\t\t<div class=\"elementor-element elementor-element-f5d6d62 e-con-full e-flex e-con e-child\" data-id=\"f5d6d62\" data-element_type=\"container\" data-e-type=\"container\">\n\t\t<div class=\"elementor-element elementor-element-8d199ac e-con-full tarjetita e-flex elementor-invisible e-con e-child\" data-id=\"8d199ac\" data-element_type=\"container\" data-e-type=\"container\" data-settings=\"{&quot;animation&quot;:&quot;zoomIn&quot;}\">\n\t\t<div class=\"elementor-element elementor-element-39cf746 e-con-full e-flex e-con e-child\" data-id=\"39cf746\" data-element_type=\"container\" data-e-type=\"container\" data-settings=\"{&quot;background_background&quot;:&quot;classic&quot;}\">\n\t\t\t\t<\/div>\n\t\t<div class=\"elementor-element elementor-element-5b19a29 e-con-full e-flex e-con e-child\" data-id=\"5b19a29\" data-element_type=\"container\" data-e-type=\"container\">\n\t\t\t\t<div class=\"elementor-element elementor-element-c9811f2 elementor-widget elementor-widget-heading\" data-id=\"c9811f2\" data-element_type=\"widget\" data-e-type=\"widget\" data-widget_type=\"heading.default\">\n\t\t\t\t\t<h2 class=\"elementor-heading-title elementor-size-default\">Pintura Industrial y Tratamiento de Superficies<\/h2>\t\t\t\t<\/div>\n\t\t\t\t<div class=\"elementor-element elementor-element-b4bf6c4 elementor-widget elementor-widget-text-editor\" data-id=\"b4bf6c4\" data-element_type=\"widget\" data-e-type=\"widget\" data-widget_type=\"text-editor.default\">\n\t\t\t\t\t\t\t\t\t<p><span data-path-to-node=\"10,6,1,0\"><span class=\"citation-95\">Aplicaci\u00f3n de recubrimientos de alto desempe\u00f1o dise\u00f1ados para combatir la corrosi\u00f3n y el desgaste en entornos de alta exigencia<\/span><\/span><span data-path-to-node=\"10,6,1,2\">.<\/span><\/p>\t\t\t\t\t\t\t\t<\/div>\n\t\t\t\t<\/div>\n\t\t\t\t<\/div>\n\t\t\t\t<\/div>\n\t\t\t\t<\/div>\n\t\t\t\t\t<\/div>\n\t\t\t\t<\/div>\n\t\t\t\t<\/div>\n\t\t\t\t<\/div>\n\t\t","protected":false},"excerpt":{"rendered":"<p>Mantenimiento General Nuestra Propuesta de Valor En MASOL, transformamos los desaf\u00edos de mantenimiento en ventajas competitivas. Nuestra divisi\u00f3n de mantenimiento combina precisi\u00f3n t\u00e9cnica con una gesti\u00f3n rigurosa en SSOMA, asegurando que cada intervenci\u00f3n minimice el impacto ambiental y maximice la seguridad operativa. Descargar Brochure Servicios Especializados Hidrolavado y Limpieza Industrial Eliminaci\u00f3n de residuos y contaminantes [&hellip;]<\/p>\n","protected":false},"author":1,"featured_media":0,"parent":0,"menu_order":0,"comment_status":"closed","ping_status":"closed","template":"","meta":{"footnotes":""},"class_list":["post-1717","page","type-page","status-publish","hentry"],"_links":{"self":[{"href":"https:\/\/masolperu.com\/index.php\/wp-json\/wp\/v2\/pages\/1717","targetHints":{"allow":["GET"]}}],"collection":[{"href":"https:\/\/masolperu.com\/index.php\/wp-json\/wp\/v2\/pages"}],"about":[{"href":"https:\/\/masolperu.com\/index.php\/wp-json\/wp\/v2\/types\/page"}],"author":[{"embeddable":true,"href":"https:\/\/masolperu.com\/index.php\/wp-json\/wp\/v2\/users\/1"}],"replies":[{"embeddable":true,"href":"https:\/\/masolperu.com\/index.php\/wp-json\/wp\/v2\/comments?post=1717"}],"version-history":[{"count":43,"href":"https:\/\/masolperu.com\/index.php\/wp-json\/wp\/v2\/pages\/1717\/revisions"}],"predecessor-version":[{"id":2164,"href":"https:\/\/masolperu.com\/index.php\/wp-json\/wp\/v2\/pages\/1717\/revisions\/2164"}],"wp:attachment":[{"href":"https:\/\/masolperu.com\/index.php\/wp-json\/wp\/v2\/media?parent=1717"}],"curies":[{"name":"wp","href":"https:\/\/api.w.org\/{rel}","templated":true}]}}